{"id":1083,"date":"2021-03-25T16:32:05","date_gmt":"2021-03-25T16:32:05","guid":{"rendered":"https:\/\/melemele.eus\/eus\/?page_id=1083"},"modified":"2023-10-30T08:13:26","modified_gmt":"2023-10-30T08:13:26","slug":"pribatutasun-politika","status":"publish","type":"page","link":"https:\/\/melemele.eus\/eus\/pribatutasun-politika\/","title":{"rendered":"Pribatutasun politika"},"content":{"rendered":"\t\t<div data-elementor-type=\"wp-page\" data-elementor-id=\"1083\" class=\"elementor elementor-1083\" data-elementor-post-type=\"page\">\n\t\t\t\t\t\t<section class=\"elementor-section elementor-top-section elementor-element elementor-element-79c54a3 elementor-section-boxed elementor-section-height-default elementor-section-height-default\" data-id=\"79c54a3\" data-element_type=\"section\" data-e-type=\"section\">\n\t\t\t\t\t\t<div class=\"elementor-container elementor-column-gap-default\">\n\t\t\t\t\t<div class=\"elementor-column elementor-col-100 elementor-top-column elementor-element elementor-element-274de78\" data-id=\"274de78\" data-element_type=\"column\" data-e-type=\"column\">\n\t\t\t<div class=\"elementor-widget-wrap elementor-element-populated\">\n\t\t\t\t\t\t<div class=\"elementor-element elementor-element-eb0ab0e elementor-widget elementor-widget-heading\" data-id=\"eb0ab0e\" data-element_type=\"widget\" data-e-type=\"widget\" data-widget_type=\"heading.default\">\n\t\t\t\t<div class=\"elementor-widget-container\">\n\t\t\t\t\t<h2 class=\"elementor-heading-title elementor-size-default\">Pribatutasun politika<\/h2>\t\t\t\t<\/div>\n\t\t\t\t<\/div>\n\t\t\t\t<div class=\"elementor-element elementor-element-963088b elementor-widget elementor-widget-text-editor\" data-id=\"963088b\" data-element_type=\"widget\" data-e-type=\"widget\" data-widget_type=\"text-editor.default\">\n\t\t\t\t<div class=\"elementor-widget-container\">\n\t\t\t\t\t\t\t\t\t<p><span style=\"color: #ff0000;\"><a style=\"color: #ff0000;\" href=\"https:\/\/melemele.eus\/es\/\">www.melemele.eus<\/a><\/span>\u00a0para proteger los derechos individuales, sobre todo en relaci\u00f3n con los tratamientos automatizados y con voluntad de ser transparentes con EL USUARIO, ha establecido una pol\u00edtica que recoge el conjunto de dichos tratamientos, los fines perseguidos por estos \u00faltimos, la legitimidad de los mismos y tambi\u00e9n los instrumentos a disposici\u00f3n del USUARIO para que pueda ejercer sus derechos.<\/p><p>La navegaci\u00f3n en este sitio web implica la total aceptaci\u00f3n de las siguientes disposiciones y condiciones de utilizaci\u00f3n. Se aceptar\u00e1 la utilizaci\u00f3n de cookies. En caso de no estar de acuerdo env\u00eda un correo electr\u00f3nico a\u00a0<span style=\"color: #ff0000;\"><a style=\"color: #ff0000;\">info@melemele.eus<\/a>.<\/span><\/p><p>La versi\u00f3n actualizada de esta pol\u00edtica de privacidad es la \u00fanica aplicable durante la duraci\u00f3n del uso del sitio web hasta que no haya otra versi\u00f3n que la sustituya.<\/p><p>Para m\u00e1s informaci\u00f3n complementaria sobre la protecci\u00f3n de datos personales te invitamos a consultar la p\u00e1gina web de la AEPD (Agencia Espa\u00f1ola de Protecci\u00f3n de Datos)\u00a0<span style=\"color: #ff0000;\"><a style=\"color: #ff0000;\" href=\"https:\/\/www.agpd.es\/portalwebAGPD\/index-ides-idphph.php\" target=\"_blank\" rel=\"noopener noreferrer\">https:\/\/www.agpd.es\/portalwebAGPD\/index-ides-idphph.php<\/a><\/span><\/p><h3>RECOGIDA DE DATOS<\/h3><p>Tus datos son recogidos por MELEMELE.<br \/>Un dato de car\u00e1cter personal se refiere a toda la informaci\u00f3n referida a una persona f\u00edsica identificada o identificable (persona afectada). Se entiende como identificable una persona que pueda ser identificada, directa o indirectamente, sobre todo por referencia a un nombre, un n\u00famero de identificaci\u00f3n (DNI, NIF, NIE, pasaporte) o a uno o varios elementos espec\u00edficos, propios a su identidad f\u00edsica, fisiol\u00f3gica, gen\u00e9tica, ps\u00edquica, econ\u00f3mica, cultural o social.<\/p><p>Los datos que con car\u00e1cter general ser\u00e1n recopilados son: Nombre y apellido, direcci\u00f3n, correo electr\u00f3nico, n\u00famero de tel\u00e9fono, datos relacionados con medios de pago. Se podr\u00e1n recopilar otro tipo de datos siendo informado EL USUARIO.<\/p><h3>\u00bfCON QU\u00c9 FINALIDAD SE TRATAN TUS DATOS PERSONALES?<\/h3><p>La finalidad del tratamiento de los datos personales que se puedan recoger son usarlos principalmente por MELEMELE para la gesti\u00f3n de su relaci\u00f3n contigo, poder ofrecerte productos y servicios de acuerdo con tus intereses, mejorar tu experiencia de usuario y en su caso, para el tratamiento y gesti\u00f3n de tus solicitudes, peticiones o pedidos. Se elaborar\u00e1 un perfil comercial en base a la informaci\u00f3n que facilites. No se realizar\u00e1n decisiones automatizadas en base a dicho perfil.<\/p><p>Los datos proporcionados se conservar\u00e1n mientras se mantenga la relaci\u00f3n comercial, siempre que no se solicite por el interesado su supresi\u00f3n. o durante los a\u00f1os necesarios para cumplir las obligaciones legales.<\/p><h3>\u00bfCU\u00c1L ES LA LEGITIMACI\u00d3N PARA EL TRATAMIENTO DE TUS DATOS?<\/h3><p>La base legal para el tratamiento de tus datos personales es:<\/p><p>\u2013 La correcta ejecuci\u00f3n o cumplimiento del contrato.<br \/>\u2013 El inter\u00e9s leg\u00edtimo de MELEMELE.<br \/>\u2013 El consentimiento del usuario o cliente para el tratamiento de sus datos.<\/p><h3>\u00bfA QU\u00c9 DESTINATARIOS SE COMUNICAR\u00c1N LOS DATOS?<\/h3><p>Los datos personales del USUARIO podr\u00e1n eventualmente ser comunicados a terceros relacionados con MELEMELE por contrato para la realizaci\u00f3n de las tareas necesarias para la gesti\u00f3n de su cuenta como cliente y sin que tenga que dar su autorizaci\u00f3n.<\/p><p>Tambi\u00e9n cuando tuvieran que hacerse comunicaciones a las autoridades en caso de que EL USUARIO hubiera realizado acciones contrarias a la Ley o incumplido el contenido del aviso legal.<\/p><p>Los datos del Usuario podr\u00e1n comunicarse a otras empresas del grupo, si las hubiese, para fines administrativos internos que podr\u00edan suponer un tratamiento de esos datos.<\/p><p>Los datos personales del Usuario podr\u00e1n transferirse a un tercer pa\u00eds o a una organizaci\u00f3n internacional, pero se le deber\u00e1 informar cuando se vaya a producir esa transferencia, y de las condiciones de la misma y del destinatario.<\/p><p>Cuando algunos datos sean obligatorios para acceder a funcionalidad concretas del sitio web, MELEMELE indicar\u00e1 dicho car\u00e1cter obligatorio en el momento de la recogida de datos del USUARIO.<\/p><h3>COOKIES<\/h3><p>Al navegar por este sitio, las cookies de MELEMELE del sitio en cuesti\u00f3n y\/o de las compa\u00f1\u00edas de terceros, pueden depositarse en su ordenador, tablet o tel\u00e9fono m\u00f3vil. Durante la primera navegaci\u00f3n, aparecer\u00e1 un banner explicativo sobre el uso de cookies.<br \/>Por lo tanto, al continuar la navegaci\u00f3n, el USUARIO ser\u00e1 considerado como informado y har\u00e1 aceptado el uso de dichas \u201ccookies\u201d. El consentimiento otorgado ser\u00e1 v\u00e1lido por un periodo de trece meses.<\/p><p>Para una mayor informaci\u00f3n consulte nuestra\u00a0<span style=\"color: #ff0000;\"><a style=\"color: #ff0000;\" href=\"https:\/\/melemele.eus\/es\/politica-de-cookies\/\">pol\u00edtica de cookies<\/a>.<\/span><\/p><h3>DERECHOS DEL USUARIO<\/h3><p>Se informa al USUARIO de la posibilidad de ejercer sus derechos de acceso, rectificaci\u00f3n, cancelaci\u00f3n y oposici\u00f3n. Tambi\u00e9n cada persona dispone del derecho de limitaci\u00f3n del tratamiento relativo a su persona, de un derecho de eliminaci\u00f3n de transferencia de datos personales transmitidos al responsable del tratamiento y del derecho a la portabilidad de sus datos.<\/p><p>EL USUARIO tiene la posibilidad de presentar una reclamaci\u00f3n ante la AEPD (Agencia Espa\u00f1ola de Protecci\u00f3n de Datos) u organismo competente de la respectiva Comunidad Aut\u00f3noma, cuando no haya obtenido una soluci\u00f3n satisfactoria en el ejercicio de sus derechos mediante un escrito dirigido a la misma.<\/p><p>Los datos proporcionados se conservar\u00e1n mientras se mantenga la relaci\u00f3n comercial o durante los a\u00f1os necesarios para cumplir las obligaciones legales.<\/p><p>EL USUARIO es responsable de que la informaci\u00f3n que proporciones a trav\u00e9s de esta p\u00e1gina web sea cierta, respondiendo de la exactitud de todos los datos que comunique y mantendr\u00e1 actualizada la misma para que reflejen una situaci\u00f3n real, siendo responsable de informaciones falsas o inexactas que proporcione y de los da\u00f1os, molestias y problemas que pudieran causar a MELEMELE o a terceros.<\/p><p>Esa informaci\u00f3n ser\u00e1 guarda y gestionada con la debida confidencialidad, aplicando las medidas de seguridad inform\u00e1tica necesarias para impedir el acceso o uso indebido de sus datos, su manipulaci\u00f3n, deterioro o p\u00e9rdida.<\/p><p>No obstante, EL USUARIO debe tener en cuenta que la seguridad de los sistemas inform\u00e1ticos nunca es absoluta. Cuando se facilitan datos personales por internet, dicha informaci\u00f3n pudiera ser recogida sin su consentimiento y tratada por terceros no autorizados.<br \/>MELEMELE declina, cualquier tipo de responsabilidad sobre las consecuencias de esos actos puedan tener para EL USUARIO, si public\u00f3 la informaci\u00f3n voluntariamente.<\/p><p>Podr\u00e1 acceder y ejercitar esos derechos mediante solicitud por escrito y firmada que podr\u00e1 ser enviada al domicilio Nafarroa Etorbidea 4, 20800 Zarautz (Gipuzkoa), adjuntando fotocopia del DNI o documento equivalente.<\/p><p>Tambi\u00e9n podr\u00e1 ser enviada la solicitud al siguiente correo electr\u00f3nico:\u00a0<a>info@melemele.eus<\/a><\/p><p>Estos derechos ser\u00e1n atendidos, en el plazo de 1 mes, que podr\u00e1 ampliarse a 2 meses si la complejidad de la solicitud o el n\u00famero de solicitudes recibidas as\u00ed lo exige. Todo ello sin perjuicio del deber de conservar ciertos datos en los t\u00e9rminos legales y hasta que prescriban las posibles responsabilidades derivadas de un posible tratamiento, o, en su caso, de una relaci\u00f3n contractual.<\/p><p>Adem\u00e1s de lo anterior, y en relaci\u00f3n con la normativa de protecci\u00f3n de datos, los usuarios que lo soliciten, tienen la posibilidad de organizar el destino de sus datos despu\u00e9s de su fallecimiento.<\/p>\t\t\t\t\t\t\t\t<\/div>\n\t\t\t\t<\/div>\n\t\t\t\t\t<\/div>\n\t\t<\/div>\n\t\t\t\t\t<\/div>\n\t\t<\/section>\n\t\t\t\t<\/div>\n\t\t","protected":false},"excerpt":{"rendered":"<p>Pribatutasun politika www.melemele.eus\u00a0para proteger los derechos individuales, sobre todo en relaci\u00f3n con los tratamientos automatizados y con voluntad de ser transparentes con EL USUARIO, ha establecido una pol\u00edtica que recoge el conjunto de dichos tratamientos, los fines perseguidos por estos \u00faltimos, la legitimidad de los mismos y tambi\u00e9n los instrumentos a disposici\u00f3n del USUARIO para [&hellip;]<\/p>\n","protected":false},"author":1,"featured_media":0,"parent":0,"menu_order":0,"comment_status":"closed","ping_status":"closed","template":"elementor_header_footer","meta":{"footnotes":""},"class_list":["post-1083","page","type-page","status-publish","hentry","entry"],"yoast_head":"<!-- This site is optimized with the Yoast SEO plugin v27.3 - https:\/\/yoast.com\/product\/yoast-seo-wordpress\/ -->\n<title>Pribatutasun politika &#8226; Melemele burger [EUS]<\/title>\n<meta name=\"robots\" content=\"noindex, follow\" \/>\n<meta property=\"og:locale\" content=\"es_ES\" \/>\n<meta property=\"og:type\" content=\"article\" \/>\n<meta property=\"og:title\" content=\"Pribatutasun politika &#8226; Melemele burger [EUS]\" \/>\n<meta property=\"og:description\" content=\"Pribatutasun politika www.melemele.eus\u00a0para proteger los derechos individuales, sobre todo en relaci\u00f3n con los tratamientos automatizados y con voluntad de ser transparentes con EL USUARIO, ha establecido una pol\u00edtica que recoge el conjunto de dichos tratamientos, los fines perseguidos por estos \u00faltimos, la legitimidad de los mismos y tambi\u00e9n los instrumentos a disposici\u00f3n del USUARIO para [&hellip;]\" \/>\n<meta property=\"og:url\" content=\"https:\/\/melemele.eus\/eus\/pribatutasun-politika\/\" \/>\n<meta property=\"og:site_name\" content=\"Melemele burger [EUS]\" \/>\n<meta property=\"article:modified_time\" content=\"2023-10-30T08:13:26+00:00\" \/>\n<meta name=\"twitter:card\" content=\"summary_large_image\" \/>\n<meta name=\"twitter:label1\" content=\"Tiempo de lectura\" \/>\n\t<meta name=\"twitter:data1\" content=\"6 minutos\" \/>\n<script type=\"application\/ld+json\" class=\"yoast-schema-graph\">{\"@context\":\"https:\\\/\\\/schema.org\",\"@graph\":[{\"@type\":\"WebPage\",\"@id\":\"https:\\\/\\\/melemele.eus\\\/eus\\\/pribatutasun-politika\\\/\",\"url\":\"https:\\\/\\\/melemele.eus\\\/eus\\\/pribatutasun-politika\\\/\",\"name\":\"Pribatutasun politika &#8226; Melemele burger [EUS]\",\"isPartOf\":{\"@id\":\"https:\\\/\\\/melemele.eus\\\/eus\\\/#website\"},\"datePublished\":\"2021-03-25T16:32:05+00:00\",\"dateModified\":\"2023-10-30T08:13:26+00:00\",\"breadcrumb\":{\"@id\":\"https:\\\/\\\/melemele.eus\\\/eus\\\/pribatutasun-politika\\\/#breadcrumb\"},\"inLanguage\":\"es\",\"potentialAction\":[{\"@type\":\"ReadAction\",\"target\":[\"https:\\\/\\\/melemele.eus\\\/eus\\\/pribatutasun-politika\\\/\"]}]},{\"@type\":\"BreadcrumbList\",\"@id\":\"https:\\\/\\\/melemele.eus\\\/eus\\\/pribatutasun-politika\\\/#breadcrumb\",\"itemListElement\":[{\"@type\":\"ListItem\",\"position\":1,\"name\":\"Portada\",\"item\":\"https:\\\/\\\/melemele.eus\\\/eus\\\/\"},{\"@type\":\"ListItem\",\"position\":2,\"name\":\"Pribatutasun politika\"}]},{\"@type\":\"WebSite\",\"@id\":\"https:\\\/\\\/melemele.eus\\\/eus\\\/#website\",\"url\":\"https:\\\/\\\/melemele.eus\\\/eus\\\/\",\"name\":\"Melemele burger [EUS]\",\"description\":\"Hanburgesa eta rollo ona Zarautz eta Tolosan.\",\"publisher\":{\"@id\":\"https:\\\/\\\/melemele.eus\\\/eus\\\/#organization\"},\"potentialAction\":[{\"@type\":\"SearchAction\",\"target\":{\"@type\":\"EntryPoint\",\"urlTemplate\":\"https:\\\/\\\/melemele.eus\\\/eus\\\/?s={search_term_string}\"},\"query-input\":{\"@type\":\"PropertyValueSpecification\",\"valueRequired\":true,\"valueName\":\"search_term_string\"}}],\"inLanguage\":\"es\"},{\"@type\":\"Organization\",\"@id\":\"https:\\\/\\\/melemele.eus\\\/eus\\\/#organization\",\"name\":\"Melemele Burger\",\"url\":\"https:\\\/\\\/melemele.eus\\\/eus\\\/\",\"logo\":{\"@type\":\"ImageObject\",\"inLanguage\":\"es\",\"@id\":\"https:\\\/\\\/melemele.eus\\\/eus\\\/#\\\/schema\\\/logo\\\/image\\\/\",\"url\":\"https:\\\/\\\/melemele.eus\\\/eus\\\/wp-content\\\/uploads\\\/sites\\\/8\\\/2021\\\/12\\\/logo-melemele.jpg\",\"contentUrl\":\"https:\\\/\\\/melemele.eus\\\/eus\\\/wp-content\\\/uploads\\\/sites\\\/8\\\/2021\\\/12\\\/logo-melemele.jpg\",\"width\":1452,\"height\":1000,\"caption\":\"Melemele Burger\"},\"image\":{\"@id\":\"https:\\\/\\\/melemele.eus\\\/eus\\\/#\\\/schema\\\/logo\\\/image\\\/\"},\"sameAs\":[\"https:\\\/\\\/www.instagram.com\\\/melemele_burger\\\/\"]}]}<\/script>\n<!-- \/ Yoast SEO plugin. -->","yoast_head_json":{"title":"Pribatutasun politika &#8226; Melemele burger [EUS]","robots":{"index":"noindex","follow":"follow"},"og_locale":"es_ES","og_type":"article","og_title":"Pribatutasun politika &#8226; Melemele burger [EUS]","og_description":"Pribatutasun politika www.melemele.eus\u00a0para proteger los derechos individuales, sobre todo en relaci\u00f3n con los tratamientos automatizados y con voluntad de ser transparentes con EL USUARIO, ha establecido una pol\u00edtica que recoge el conjunto de dichos tratamientos, los fines perseguidos por estos \u00faltimos, la legitimidad de los mismos y tambi\u00e9n los instrumentos a disposici\u00f3n del USUARIO para [&hellip;]","og_url":"https:\/\/melemele.eus\/eus\/pribatutasun-politika\/","og_site_name":"Melemele burger [EUS]","article_modified_time":"2023-10-30T08:13:26+00:00","twitter_card":"summary_large_image","twitter_misc":{"Tiempo de lectura":"6 minutos"},"schema":{"@context":"https:\/\/schema.org","@graph":[{"@type":"WebPage","@id":"https:\/\/melemele.eus\/eus\/pribatutasun-politika\/","url":"https:\/\/melemele.eus\/eus\/pribatutasun-politika\/","name":"Pribatutasun politika &#8226; Melemele burger [EUS]","isPartOf":{"@id":"https:\/\/melemele.eus\/eus\/#website"},"datePublished":"2021-03-25T16:32:05+00:00","dateModified":"2023-10-30T08:13:26+00:00","breadcrumb":{"@id":"https:\/\/melemele.eus\/eus\/pribatutasun-politika\/#breadcrumb"},"inLanguage":"es","potentialAction":[{"@type":"ReadAction","target":["https:\/\/melemele.eus\/eus\/pribatutasun-politika\/"]}]},{"@type":"BreadcrumbList","@id":"https:\/\/melemele.eus\/eus\/pribatutasun-politika\/#breadcrumb","itemListElement":[{"@type":"ListItem","position":1,"name":"Portada","item":"https:\/\/melemele.eus\/eus\/"},{"@type":"ListItem","position":2,"name":"Pribatutasun politika"}]},{"@type":"WebSite","@id":"https:\/\/melemele.eus\/eus\/#website","url":"https:\/\/melemele.eus\/eus\/","name":"Melemele burger [EUS]","description":"Hanburgesa eta rollo ona Zarautz eta Tolosan.","publisher":{"@id":"https:\/\/melemele.eus\/eus\/#organization"},"potentialAction":[{"@type":"SearchAction","target":{"@type":"EntryPoint","urlTemplate":"https:\/\/melemele.eus\/eus\/?s={search_term_string}"},"query-input":{"@type":"PropertyValueSpecification","valueRequired":true,"valueName":"search_term_string"}}],"inLanguage":"es"},{"@type":"Organization","@id":"https:\/\/melemele.eus\/eus\/#organization","name":"Melemele Burger","url":"https:\/\/melemele.eus\/eus\/","logo":{"@type":"ImageObject","inLanguage":"es","@id":"https:\/\/melemele.eus\/eus\/#\/schema\/logo\/image\/","url":"https:\/\/melemele.eus\/eus\/wp-content\/uploads\/sites\/8\/2021\/12\/logo-melemele.jpg","contentUrl":"https:\/\/melemele.eus\/eus\/wp-content\/uploads\/sites\/8\/2021\/12\/logo-melemele.jpg","width":1452,"height":1000,"caption":"Melemele Burger"},"image":{"@id":"https:\/\/melemele.eus\/eus\/#\/schema\/logo\/image\/"},"sameAs":["https:\/\/www.instagram.com\/melemele_burger\/"]}]}},"_links":{"self":[{"href":"https:\/\/melemele.eus\/eus\/wp-json\/wp\/v2\/pages\/1083","targetHints":{"allow":["GET"]}}],"collection":[{"href":"https:\/\/melemele.eus\/eus\/wp-json\/wp\/v2\/pages"}],"about":[{"href":"https:\/\/melemele.eus\/eus\/wp-json\/wp\/v2\/types\/page"}],"author":[{"embeddable":true,"href":"https:\/\/melemele.eus\/eus\/wp-json\/wp\/v2\/users\/1"}],"replies":[{"embeddable":true,"href":"https:\/\/melemele.eus\/eus\/wp-json\/wp\/v2\/comments?post=1083"}],"version-history":[{"count":12,"href":"https:\/\/melemele.eus\/eus\/wp-json\/wp\/v2\/pages\/1083\/revisions"}],"predecessor-version":[{"id":1423,"href":"https:\/\/melemele.eus\/eus\/wp-json\/wp\/v2\/pages\/1083\/revisions\/1423"}],"wp:attachment":[{"href":"https:\/\/melemele.eus\/eus\/wp-json\/wp\/v2\/media?parent=1083"}],"curies":[{"name":"wp","href":"https:\/\/api.w.org\/{rel}","templated":true}]}}