{"id":1097,"date":"2021-03-25T16:36:37","date_gmt":"2021-03-25T16:36:37","guid":{"rendered":"https:\/\/melemele.eus\/eus\/?page_id=1097"},"modified":"2023-10-30T08:13:10","modified_gmt":"2023-10-30T08:13:10","slug":"lege-oharra","status":"publish","type":"page","link":"https:\/\/melemele.eus\/eus\/lege-oharra\/","title":{"rendered":"Lege oharra"},"content":{"rendered":"\t\t<div data-elementor-type=\"wp-page\" data-elementor-id=\"1097\" class=\"elementor elementor-1097\" data-elementor-post-type=\"page\">\n\t\t\t\t\t\t<section class=\"elementor-section elementor-top-section elementor-element elementor-element-79c54a3 elementor-section-boxed elementor-section-height-default elementor-section-height-default\" data-id=\"79c54a3\" data-element_type=\"section\" data-e-type=\"section\">\n\t\t\t\t\t\t<div class=\"elementor-container elementor-column-gap-default\">\n\t\t\t\t\t<div class=\"elementor-column elementor-col-100 elementor-top-column elementor-element elementor-element-274de78\" data-id=\"274de78\" data-element_type=\"column\" data-e-type=\"column\">\n\t\t\t<div class=\"elementor-widget-wrap elementor-element-populated\">\n\t\t\t\t\t\t<div class=\"elementor-element elementor-element-eb0ab0e elementor-widget elementor-widget-heading\" data-id=\"eb0ab0e\" data-element_type=\"widget\" data-e-type=\"widget\" data-widget_type=\"heading.default\">\n\t\t\t\t<div class=\"elementor-widget-container\">\n\t\t\t\t\t<h2 class=\"elementor-heading-title elementor-size-default\">LEGE OHARRA<\/h2>\t\t\t\t<\/div>\n\t\t\t\t<\/div>\n\t\t\t\t<div class=\"elementor-element elementor-element-963088b elementor-widget elementor-widget-text-editor\" data-id=\"963088b\" data-element_type=\"widget\" data-e-type=\"widget\" data-widget_type=\"text-editor.default\">\n\t\t\t\t<div class=\"elementor-widget-container\">\n\t\t\t\t\t\t\t\t\t<h3>DATOS IDENTIFICATIVOS<\/h3><p>1. Est\u00e1s visitando la p\u00e1gina web<span style=\"color: #ff0000;\">\u00a0<\/span><a href=\"https:\/\/melemele.eus\/?lang=es\"><span style=\"color: #ff0000;\">www.melemele.eus<\/span><\/a>\u00a0titularidad de MELEMELE S.L., con domicilio social en Nafarroa Etorbidea 4, 20800 Zarautz (Gipuzkoa), con CIF n\u00ba B75088401, inscrita en el Registro Mercantil de Gipuzkoa en tomo 2603 Folio 110, Hoja SS-35499, (que en este documento se llama &lt;MELEMELE&gt;).<\/p><p>Puedes contactar con el titular POR cualquiera de los siguientes medios:<\/p><p>Tel\u00e9fono: 943 50 45 56<br \/>Correo electr\u00f3nico de contacto:\u00a0<span style=\"color: #ff0000;\"><a style=\"color: #ff0000;\">info@melemele.eus<\/a><\/span><\/p><h3>HOSPEDAJE WEB<\/h3><p>Hospedajes y Dominios S.L.<br \/>Calle Obispo Osmundo n-7-4-B<br \/>24400 Ponferrada (Le\u00f3n)<\/p><h3>USUARIOS<\/h3><p>2. Estas condiciones (en adelante Aviso Legal) tienen prodigalidad regular el uso de la p\u00e1gina web de MELEMELE que pone a disposici\u00f3n del p\u00fablico.<br \/>El acceso y\/o uso de esta p\u00e1gina web de MELEMELE atribuye la condici\u00f3n de USUARIO, que acepta, desde dicho acceso y\/o uso, las condiciones generales de uso aqu\u00ed reflejadas. Estas condiciones ser\u00e1n de aplicaci\u00f3n independientemente de las condiciones generales de contrataci\u00f3n que en su caso resulten de obligado cumplimiento.<\/p><h3>USO DEL PORTAL<\/h3><p>3.<span style=\"color: #ff0000;\">\u00a0<a style=\"color: #ff0000;\" href=\"https:\/\/melemele.eus\/?lang=es\">www.melemele.eus<\/a>\u00a0<\/span>proporciona el acceso a multitud de informaciones, servicios, programas o datos (en adelante, \u201clos contenidos\u201d) en Internet pertenecientes a MELEMELE o a sus licenciantes a los que el USUARIO pueda tener acceso.<\/p><p>El USUARIO asume la responsabilidad del uso del portal. Dicha responsabilidad se extiende al registro que fuese necesario para acceder a determinados servicios o contenidos. En dicho registro el USUARIO ser\u00e1 responsable de aportar informaci\u00f3n real y l\u00edcita. Como consecuencia de este registro, al USUARIO se le puede entregar una contrase\u00f1a de la que ser\u00e1 responsable, comprometi\u00e9ndose a hacer un uso diligente y confidencial de la misma.<\/p><p>El USUARIO se compromete a hacer un uso adecuado de los contenidos y servicios (p.e. servicios de chat, foros de discusi\u00f3n o grupos de noticias) que MELEMELE ofrece a trav\u00e9s de su portal y (con car\u00e1cter enunciativo pero no limitativo), a no usarlos para:<\/p><p>\u2013 Realizar actividades il\u00edcitas, ilegales o contrarias a la buena fe y al orden p\u00fablico.<br \/>\u2013 Difundir contenidos o propaganda de car\u00e1cter racista, xen\u00f3fobo, pornogr\u00e1fico-ilegal, de apolog\u00eda del terrorismo o atentatorio contra los derechos humanos.<br \/>\u2013 Provocar da\u00f1os en los sistemas f\u00edsicos y l\u00f3gicos de MELEMELE, de sus proveedores o de terceras personas, introducir o difundir en la red virus inform\u00e1ticos o cualesquiera otros sistemas f\u00edsicos o l\u00f3gicos que sean susceptibles de provocar los da\u00f1os anteriormente mencionados.<br \/>\u2013 Intentar acceder y, en su caso, utilizar las cuentas de correo electr\u00f3nico de otros usuarios y modificar o manipular sus mensajes.<br \/>\u2013 Utilizar el sitio web ni las informaciones que en \u00e9l se contienen con fines comerciales, pol\u00edticos, publicitarios y para cualquier uso comercial, sobre todo el env\u00edo de correos electr\u00f3nicos no solicitados.<\/p><p>MELEMELE tiene el derecho de retirar todos aquellos comentarios y aportaciones que vulneren el respeto a la dignidad de la persona, que sean discriminatorios, xen\u00f3fobos, racistas, pornogr\u00e1ficos, que atenten contra la juventud o la infancia, el orden o la seguridad p\u00fablica o que, a su juicio, no sean adecuados para su publicaci\u00f3n. En cualquier caso, MELEMELE no ser\u00e1 responsable de las opiniones vertidas por los usuarios a trav\u00e9s de los foros, chats, u otras herramientas de participaci\u00f3n.<\/p><h3>PROTECCI\u00d3N DE DATOS<\/h3><p>4. Todo lo relativo a la pol\u00edtica de protecci\u00f3n de datos se encuentra recogido en el documento de pol\u00edtica de privacidad.<\/p><h3>CONTENIDOS. PROPIEDAD INTELECTUAL E INDUSTRIAL<\/h3><p>5. MELEMELE es propietario de todos los derechos de propiedad intelectual e industrial de su p\u00e1gina web, as\u00ed como de los elementos contenidos en la misma (a t\u00edtulo enunciativo: im\u00e1genes, fotograf\u00edas, sonido, audio, v\u00eddeo, software o textos; marcas o logotipos, combinaciones de colores, estructura y dise\u00f1o, selecci\u00f3n de materiales usados, programas de ordenador necesarios para su funcionamiento, acceso, y uso, etc.), titularidad de MELEMELE o de sus licenciantes.<\/p><p>Todos los derechos reservados. De acuerdo con lo establecido en los art\u00edculos 8 y 32.1, p\u00e1rrafo segundo, de la Ley de Propiedad Intelectual, quedan expresamente prohibidas la reproducci\u00f3n, la distribuci\u00f3n y la comunicaci\u00f3n p\u00fablica, incluida su modalidad de puesta a disposici\u00f3n, de la totalidad o parte de los contenidos de esta p\u00e1gina web, con fines comerciales, en cualquier soporte y por cualquier medio t\u00e9cnico, sin la autorizaci\u00f3n de MELEMELE.<\/p><p>EL USUARIO se compromete a respetar los derechos de Propiedad Intelectual e Industrial titularidad de MELEMELE. Podr\u00e1 visualizar los elementos del portal e incluso imprimirlos, copiarlos y almacenarlos en el disco duro de su ordenador o en cualquier otro soporte f\u00edsico siempre y cuando sea, \u00fanica y exclusivamente, para su uso personal y privado. EL USUARIO no podr\u00e1 suprimir, alterar, eludir o manipular cualquier dispositivo de protecci\u00f3n o sistema de seguridad que estuviera instalado en las p\u00e1ginas de MELEMELE.<\/p><h3>EXCLUSI\u00d3N DE GARANT\u00cdAS Y RESPONSABILIDAD<\/h3><p>6. EL USUARIO reconoce que la utilizaci\u00f3n de la p\u00e1gina web y de sus contenidos y servicios se desarrolla bajo su \u00fanica responsabilidad. En concreto, a t\u00edtulo meramente enunciativo, MELEMELE no asume ninguna responsabilidad en los siguientes \u00e1mbitos:<\/p><p>a) La disponibilidad en el funcionamiento de la p\u00e1gina web, sus servicios y contenidos y su calidad o interoperabilidad.<br \/>b) La finalidad para la que la p\u00e1gina web sirva a los objetivos de USUARIO.<br \/>c) La infracci\u00f3n de la legislaci\u00f3n vigente por parte del USUARIO o terceros y, en concreto, de los derechos de propiedad intelectual o industrial que sean propiedad de otras personas o entidades.<br \/>d) La existencia de c\u00f3digos maliciosos o cualquier otro elemento inform\u00e1tico da\u00f1ino que pudiera causar da\u00f1os al sistema inform\u00e1tico del USUARIO o de terceros. Es responsabilidad del USUARIO, en todo caso, disponer de herramientas adecuadas para la detecci\u00f3n y desinfecci\u00f3n de estos elementos.<br \/>e) El acceso fraudulento a los contenidos o servicios por terceros no autorizados, o, en su caso, la captura, eliminaci\u00f3n, alteraci\u00f3n, modificaci\u00f3n o manipulaci\u00f3n de los mensajes y comunicaciones de cualquier clase que dichos terceros pudieran realizar.<br \/>f) La exactitud, veracidad, actualidad y utilidad de los contenidos y servicios ofrecidos y la utilizaci\u00f3n posterior que de ellos haga el USUARIO. MELEMELE pondr\u00e1 todos los esfuerzos y medios razonables para facilitar la informaci\u00f3n actualizada y fehaciente.<br \/>g) Los da\u00f1os producidos a equipos inform\u00e1ticos durante el acceso a la p\u00e1gina web y los da\u00f1os producidos a los USUARIOS cuando tengan su origen en fallos o desconexiones en las redes de telecomunicaci\u00f3n que interrumpan el servicio.<br \/>h) Los da\u00f1os o perjuicios que se deriven de cirsunstancias ocurridas por caso fortuito o fuerza mayor.<\/p><p>En caso de que existan foros, en el uso de los mismos u otros espacios an\u00e1logos, ha de tenerse en cuenta que, los mensajes reflejan \u00fanicamente la opini\u00f3n del USUARIO que los remite, que es el \u00fanico responsable. MELEMELE no se hace responsable del contenido de los mensajes enviados por el USUARIO.<\/p><h3>MODIFICAIC\u00d3N DE ESTE AVISO LEGAL Y DURACI\u00d3N<\/h3><p>7. MELEMELE se reserva el derecho de realizar sin previo aviso las modificaciones que considere oportunas en su portal, aludiendo cambiar, suprimir o a\u00f1adir tanto los contenidos y servicios que se presten a trav\u00e9s de la misma como la forma en la que \u00e9stos aparezcan presentados o localizados en su portal.<br \/>La vigencia de las citadas condiciones ir\u00e1 en funci\u00f3n de su exposici\u00f3n y estar\u00e1n vigentes hasta que sean modificadas por otras debidamente publicadas.<\/p><h3>ENLACES<\/h3><p>8. En el caso de que en www.xxxx.com se incluyesen enlaces o hiperv\u00ednculos a otros sitios de Internet, MELEMELE no ejercer\u00e1 ning\u00fan tipo de control sobre dichos sitios y contenidos. En ning\u00fan caso MELEMELE asumir\u00e1 responsabilidad alguna por los contenidos de alg\u00fan enlace perteneciente a un sitio web ajeno, ni garantizar\u00e1 la disponibilidad t\u00e9cnica, calidad, fiabilidad, exactitud, amplitud, veracidad, validez y constitucionalidad de cualquier material o informaci\u00f3n contenido en ning\u00fan de dichos hiperv\u00ednculos u otros sitios de Internet. Igualmente, la inclusi\u00f3n de estas conexiones externas no implicar\u00e1 ning\u00fan tipo de asociaci\u00f3n, fusi\u00f3n o participaci\u00f3n con las entidades conectadas.<\/p><h3>DERECHO DE EXCLUSI\u00d3N<\/h3><p>9. MELEMELE se reserva el derecho a denegar o retirar el acceso a portal y\/o los servicios ofrecidos sin necesidad de advertencia previa, a instancia propia o de un tercero, a aquellos usuarios que incumplan el consentido de este aviso legal.<\/p><h3>GENERALIDADES<\/h3><p>10. MELEMELE perseguir\u00e1 el incumplimiento de estas condiciones as\u00ed como cualquier utilizaci\u00f3n indebida de su portal ejerciendo todas las acciones civiles y penales que le puedan corresponder en derecho.<\/p><h3>LEGISLACI\u00d3N APLICABLE Y JURISDICCI\u00d3N<\/h3><p>11. La relaci\u00f3n entre MELEMELE y el USUARIO se regir\u00e1 por la normativa espa\u00f1ola vigente. Todas las disputas y reclamaciones derivadas de este aviso legal se resolver\u00e1n por juzgados y tribunales competentes.<\/p>\t\t\t\t\t\t\t\t<\/div>\n\t\t\t\t<\/div>\n\t\t\t\t\t<\/div>\n\t\t<\/div>\n\t\t\t\t\t<\/div>\n\t\t<\/section>\n\t\t\t\t<\/div>\n\t\t","protected":false},"excerpt":{"rendered":"<p>LEGE OHARRA DATOS IDENTIFICATIVOS 1. Est\u00e1s visitando la p\u00e1gina web&nbsp;www.melemele.eus&nbsp;titularidad de MELEMELE S.L., con domicilio social en Nafarroa Etorbidea 4, 20800 Zarautz (Gipuzkoa), con CIF n\u00ba B75088401, inscrita en el Registro Mercantil de Gipuzkoa en tomo 2603 Folio 110, Hoja SS-35499, (que en este documento se llama &lt;MELEMELE&gt;). Puedes contactar con el titular POR cualquiera [&hellip;]<\/p>\n","protected":false},"author":1,"featured_media":0,"parent":0,"menu_order":0,"comment_status":"closed","ping_status":"closed","template":"elementor_header_footer","meta":{"footnotes":""},"class_list":["post-1097","page","type-page","status-publish","hentry","entry"],"yoast_head":"<!-- This site is optimized with the Yoast SEO plugin v27.3 - https:\/\/yoast.com\/product\/yoast-seo-wordpress\/ -->\n<title>Lege oharra &#8226; Melemele burger [EUS]<\/title>\n<meta name=\"robots\" content=\"noindex, follow\" \/>\n<meta property=\"og:locale\" content=\"es_ES\" \/>\n<meta property=\"og:type\" content=\"article\" \/>\n<meta property=\"og:title\" content=\"Lege oharra &#8226; Melemele burger [EUS]\" \/>\n<meta property=\"og:description\" content=\"LEGE OHARRA DATOS IDENTIFICATIVOS 1. Est\u00e1s visitando la p\u00e1gina web&nbsp;www.melemele.eus&nbsp;titularidad de MELEMELE S.L., con domicilio social en Nafarroa Etorbidea 4, 20800 Zarautz (Gipuzkoa), con CIF n\u00ba B75088401, inscrita en el Registro Mercantil de Gipuzkoa en tomo 2603 Folio 110, Hoja SS-35499, (que en este documento se llama &lt;MELEMELE&gt;). Puedes contactar con el titular POR cualquiera [&hellip;]\" \/>\n<meta property=\"og:url\" content=\"https:\/\/melemele.eus\/eus\/lege-oharra\/\" \/>\n<meta property=\"og:site_name\" content=\"Melemele burger [EUS]\" \/>\n<meta property=\"article:modified_time\" content=\"2023-10-30T08:13:10+00:00\" \/>\n<meta name=\"twitter:card\" content=\"summary_large_image\" \/>\n<meta name=\"twitter:label1\" content=\"Tiempo de lectura\" \/>\n\t<meta name=\"twitter:data1\" content=\"7 minutos\" \/>\n<script type=\"application\/ld+json\" class=\"yoast-schema-graph\">{\"@context\":\"https:\\\/\\\/schema.org\",\"@graph\":[{\"@type\":\"WebPage\",\"@id\":\"https:\\\/\\\/melemele.eus\\\/eus\\\/lege-oharra\\\/\",\"url\":\"https:\\\/\\\/melemele.eus\\\/eus\\\/lege-oharra\\\/\",\"name\":\"Lege oharra &#8226; Melemele burger [EUS]\",\"isPartOf\":{\"@id\":\"https:\\\/\\\/melemele.eus\\\/eus\\\/#website\"},\"datePublished\":\"2021-03-25T16:36:37+00:00\",\"dateModified\":\"2023-10-30T08:13:10+00:00\",\"breadcrumb\":{\"@id\":\"https:\\\/\\\/melemele.eus\\\/eus\\\/lege-oharra\\\/#breadcrumb\"},\"inLanguage\":\"es\",\"potentialAction\":[{\"@type\":\"ReadAction\",\"target\":[\"https:\\\/\\\/melemele.eus\\\/eus\\\/lege-oharra\\\/\"]}]},{\"@type\":\"BreadcrumbList\",\"@id\":\"https:\\\/\\\/melemele.eus\\\/eus\\\/lege-oharra\\\/#breadcrumb\",\"itemListElement\":[{\"@type\":\"ListItem\",\"position\":1,\"name\":\"Portada\",\"item\":\"https:\\\/\\\/melemele.eus\\\/eus\\\/\"},{\"@type\":\"ListItem\",\"position\":2,\"name\":\"Lege oharra\"}]},{\"@type\":\"WebSite\",\"@id\":\"https:\\\/\\\/melemele.eus\\\/eus\\\/#website\",\"url\":\"https:\\\/\\\/melemele.eus\\\/eus\\\/\",\"name\":\"Melemele burger [EUS]\",\"description\":\"Hanburgesa eta rollo ona Zarautz eta Tolosan.\",\"publisher\":{\"@id\":\"https:\\\/\\\/melemele.eus\\\/eus\\\/#organization\"},\"potentialAction\":[{\"@type\":\"SearchAction\",\"target\":{\"@type\":\"EntryPoint\",\"urlTemplate\":\"https:\\\/\\\/melemele.eus\\\/eus\\\/?s={search_term_string}\"},\"query-input\":{\"@type\":\"PropertyValueSpecification\",\"valueRequired\":true,\"valueName\":\"search_term_string\"}}],\"inLanguage\":\"es\"},{\"@type\":\"Organization\",\"@id\":\"https:\\\/\\\/melemele.eus\\\/eus\\\/#organization\",\"name\":\"Melemele Burger\",\"url\":\"https:\\\/\\\/melemele.eus\\\/eus\\\/\",\"logo\":{\"@type\":\"ImageObject\",\"inLanguage\":\"es\",\"@id\":\"https:\\\/\\\/melemele.eus\\\/eus\\\/#\\\/schema\\\/logo\\\/image\\\/\",\"url\":\"https:\\\/\\\/melemele.eus\\\/eus\\\/wp-content\\\/uploads\\\/sites\\\/8\\\/2021\\\/12\\\/logo-melemele.jpg\",\"contentUrl\":\"https:\\\/\\\/melemele.eus\\\/eus\\\/wp-content\\\/uploads\\\/sites\\\/8\\\/2021\\\/12\\\/logo-melemele.jpg\",\"width\":1452,\"height\":1000,\"caption\":\"Melemele Burger\"},\"image\":{\"@id\":\"https:\\\/\\\/melemele.eus\\\/eus\\\/#\\\/schema\\\/logo\\\/image\\\/\"},\"sameAs\":[\"https:\\\/\\\/www.instagram.com\\\/melemele_burger\\\/\"]}]}<\/script>\n<!-- \/ Yoast SEO plugin. -->","yoast_head_json":{"title":"Lege oharra &#8226; Melemele burger [EUS]","robots":{"index":"noindex","follow":"follow"},"og_locale":"es_ES","og_type":"article","og_title":"Lege oharra &#8226; Melemele burger [EUS]","og_description":"LEGE OHARRA DATOS IDENTIFICATIVOS 1. Est\u00e1s visitando la p\u00e1gina web&nbsp;www.melemele.eus&nbsp;titularidad de MELEMELE S.L., con domicilio social en Nafarroa Etorbidea 4, 20800 Zarautz (Gipuzkoa), con CIF n\u00ba B75088401, inscrita en el Registro Mercantil de Gipuzkoa en tomo 2603 Folio 110, Hoja SS-35499, (que en este documento se llama &lt;MELEMELE&gt;). Puedes contactar con el titular POR cualquiera [&hellip;]","og_url":"https:\/\/melemele.eus\/eus\/lege-oharra\/","og_site_name":"Melemele burger [EUS]","article_modified_time":"2023-10-30T08:13:10+00:00","twitter_card":"summary_large_image","twitter_misc":{"Tiempo de lectura":"7 minutos"},"schema":{"@context":"https:\/\/schema.org","@graph":[{"@type":"WebPage","@id":"https:\/\/melemele.eus\/eus\/lege-oharra\/","url":"https:\/\/melemele.eus\/eus\/lege-oharra\/","name":"Lege oharra &#8226; Melemele burger [EUS]","isPartOf":{"@id":"https:\/\/melemele.eus\/eus\/#website"},"datePublished":"2021-03-25T16:36:37+00:00","dateModified":"2023-10-30T08:13:10+00:00","breadcrumb":{"@id":"https:\/\/melemele.eus\/eus\/lege-oharra\/#breadcrumb"},"inLanguage":"es","potentialAction":[{"@type":"ReadAction","target":["https:\/\/melemele.eus\/eus\/lege-oharra\/"]}]},{"@type":"BreadcrumbList","@id":"https:\/\/melemele.eus\/eus\/lege-oharra\/#breadcrumb","itemListElement":[{"@type":"ListItem","position":1,"name":"Portada","item":"https:\/\/melemele.eus\/eus\/"},{"@type":"ListItem","position":2,"name":"Lege oharra"}]},{"@type":"WebSite","@id":"https:\/\/melemele.eus\/eus\/#website","url":"https:\/\/melemele.eus\/eus\/","name":"Melemele burger [EUS]","description":"Hanburgesa eta rollo ona Zarautz eta Tolosan.","publisher":{"@id":"https:\/\/melemele.eus\/eus\/#organization"},"potentialAction":[{"@type":"SearchAction","target":{"@type":"EntryPoint","urlTemplate":"https:\/\/melemele.eus\/eus\/?s={search_term_string}"},"query-input":{"@type":"PropertyValueSpecification","valueRequired":true,"valueName":"search_term_string"}}],"inLanguage":"es"},{"@type":"Organization","@id":"https:\/\/melemele.eus\/eus\/#organization","name":"Melemele Burger","url":"https:\/\/melemele.eus\/eus\/","logo":{"@type":"ImageObject","inLanguage":"es","@id":"https:\/\/melemele.eus\/eus\/#\/schema\/logo\/image\/","url":"https:\/\/melemele.eus\/eus\/wp-content\/uploads\/sites\/8\/2021\/12\/logo-melemele.jpg","contentUrl":"https:\/\/melemele.eus\/eus\/wp-content\/uploads\/sites\/8\/2021\/12\/logo-melemele.jpg","width":1452,"height":1000,"caption":"Melemele Burger"},"image":{"@id":"https:\/\/melemele.eus\/eus\/#\/schema\/logo\/image\/"},"sameAs":["https:\/\/www.instagram.com\/melemele_burger\/"]}]}},"_links":{"self":[{"href":"https:\/\/melemele.eus\/eus\/wp-json\/wp\/v2\/pages\/1097","targetHints":{"allow":["GET"]}}],"collection":[{"href":"https:\/\/melemele.eus\/eus\/wp-json\/wp\/v2\/pages"}],"about":[{"href":"https:\/\/melemele.eus\/eus\/wp-json\/wp\/v2\/types\/page"}],"author":[{"embeddable":true,"href":"https:\/\/melemele.eus\/eus\/wp-json\/wp\/v2\/users\/1"}],"replies":[{"embeddable":true,"href":"https:\/\/melemele.eus\/eus\/wp-json\/wp\/v2\/comments?post=1097"}],"version-history":[{"count":9,"href":"https:\/\/melemele.eus\/eus\/wp-json\/wp\/v2\/pages\/1097\/revisions"}],"predecessor-version":[{"id":1152,"href":"https:\/\/melemele.eus\/eus\/wp-json\/wp\/v2\/pages\/1097\/revisions\/1152"}],"wp:attachment":[{"href":"https:\/\/melemele.eus\/eus\/wp-json\/wp\/v2\/media?parent=1097"}],"curies":[{"name":"wp","href":"https:\/\/api.w.org\/{rel}","templated":true}]}}